{"id":43897,"date":"2024-12-13T10:31:17","date_gmt":"2024-12-13T09:31:17","guid":{"rendered":"https:\/\/campy-yallaa.tn\/?page_id=43897"},"modified":"2024-12-13T10:35:38","modified_gmt":"2024-12-13T09:35:38","slug":"questions-frequemment-posees","status":"publish","type":"page","link":"https:\/\/campy-yallaa.tn\/en\/questions-frequemment-posees\/","title":{"rendered":"FREQUENTLY ASKED QUESTIONS"},"content":{"rendered":"\t\t<div data-elementor-type=\"wp-page\" data-elementor-id=\"43897\" class=\"elementor elementor-43897\" data-elementor-post-type=\"page\">\n\t\t\t\t\t\t<section class=\"elementor-section elementor-top-section elementor-element elementor-element-0d3eddc elementor-section-full_width elementor-section-stretched elementor-section-content-bottom elementor-section-height-default elementor-section-height-default\" data-id=\"0d3eddc\" data-element_type=\"section\" data-e-type=\"section\" data-settings=\"{&quot;stretch_section&quot;:&quot;section-stretched&quot;,&quot;background_background&quot;:&quot;gradient&quot;}\">\n\t\t\t\t\t\t\t<div class=\"elementor-background-overlay\"><\/div>\n\t\t\t\t\t\t\t<div class=\"elementor-container elementor-column-gap-no\">\n\t\t\t\t\t<div class=\"elementor-column elementor-col-100 elementor-top-column elementor-element elementor-element-7de7500\" data-id=\"7de7500\" data-element_type=\"column\" data-e-type=\"column\">\n\t\t\t<div class=\"elementor-widget-wrap elementor-element-populated\">\n\t\t\t\t\t\t<section class=\"elementor-section elementor-inner-section elementor-element elementor-element-ba6cf39 elementor-section-boxed elementor-section-height-default elementor-section-height-default\" data-id=\"ba6cf39\" data-element_type=\"section\" data-e-type=\"section\">\n\t\t\t\t\t\t<div class=\"elementor-container elementor-column-gap-default\">\n\t\t\t\t\t<div class=\"elementor-column elementor-col-100 elementor-inner-column elementor-element elementor-element-af8454d\" data-id=\"af8454d\" data-element_type=\"column\" data-e-type=\"column\">\n\t\t\t<div class=\"elementor-widget-wrap elementor-element-populated\">\n\t\t\t\t\t\t<div class=\"elementor-element elementor-element-8919533 elementor-invisible elementor-widget elementor-widget-heading\" data-id=\"8919533\" data-element_type=\"widget\" data-e-type=\"widget\" data-settings=\"{&quot;_animation&quot;:&quot;fadeIn&quot;,&quot;_animation_delay&quot;:50}\" data-widget_type=\"heading.default\">\n\t\t\t\t\t<h4 class=\"elementor-heading-title elementor-size-default\">QUESTIONS FR\u00c9QUEMMENT POS\u00c9ES\n<\/h4>\t\t\t\t<\/div>\n\t\t\t\t\t<\/div>\n\t\t<\/div>\n\t\t\t\t\t<\/div>\n\t\t<\/section>\n\t\t\t\t<section class=\"elementor-section elementor-inner-section elementor-element elementor-element-f75035a elementor-section-boxed elementor-section-height-default elementor-section-height-default\" data-id=\"f75035a\" data-element_type=\"section\" data-e-type=\"section\">\n\t\t\t\t\t\t<div class=\"elementor-container elementor-column-gap-no\">\n\t\t\t\t\t<div class=\"elementor-column elementor-col-100 elementor-inner-column elementor-element elementor-element-471ba07\" data-id=\"471ba07\" data-element_type=\"column\" data-e-type=\"column\">\n\t\t\t<div class=\"elementor-widget-wrap elementor-element-populated\">\n\t\t\t\t\t\t<div class=\"elementor-element elementor-element-8d9c187 elementor-widget elementor-widget-elementskit-accordion\" data-id=\"8d9c187\" data-element_type=\"widget\" data-e-type=\"widget\" data-widget_type=\"elementskit-accordion.default\">\n\t\t\t\t\t<div class=\"ekit-wid-con\" >\n        <div class=\"elementskit-accordion accoedion-primary side-curve\" id=\"accordion-69dd824e9787b\">\n\n            \n                <div class=\"elementskit-card active\">\n                    <div class=\"elementskit-card-header\" id=\"primaryHeading-0-8d9c187\">\n                        <a href=\"#collapse-bc2283069dd824e9787b\" class=\"ekit-accordion--toggler elementskit-btn-link collapsed\" data-ekit-toggle=\"collapse\" data-target=\"#Collapse-bc2283069dd824e9787b\" aria-expanded=\"true\" aria-controls=\"Collapse-bc2283069dd824e9787b\">\n                            \n                                <span class=\"number\"><\/span>\n\n                            \n                            <span class=\"ekit-accordion-title\">Quelle est la date limite pour r\u00e9server ? <\/span>\n\n                            \n                                <div class=\"ekit_accordion_icon_group\">\n                                    <div class=\"ekit_accordion_normal_icon\">\n                                        <!-- Normal Icon -->\n\t\t\t\t\t\t\t\t\t\t<i class=\"icon icon-down-arrow1\"><\/i>                                    <\/div>\n\n                                    <div class=\"ekit_accordion_active_icon\">\n                                        <!-- Active Icon -->\n\t\t\t\t\t\t\t\t\t\t<i class=\"icon icon-up-arrow\"><\/i>                                    <\/div>\n                                <\/div>\n\n                            \n                                                    <\/a>\n                    <\/div>\n\n                    <div id=\"Collapse-bc2283069dd824e9787b\" class=\" show collapse\" aria-labelledby=\"primaryHeading-0-8d9c187\" data-parent=\"#accordion-69dd824e9787b\">\n\n                        <div class=\"elementskit-card-body ekit-accordion--content\">\n                            <p>Concernant les conditions de location, il faut r\u00e9server au minimum 72h \u00e0 l'avance pour que nous puissions organiser les transits entre notre entrep\u00f4t de location et les magasins ou points relais. Passez cette date, nous ne pouvons proc\u00e9der \u00e0 une location.<\/p><p>Pour toute question concernant la location de mat\u00e9riel de camping, l'\u00e9quipe de Campy Yallaa location reste \u00e0 votre disposition par mail, <a href=\"mailto:contact@campy-yallaa.tn\">contact@campy-yallaa.tn<\/a>, chat ou <a href=\"tel:+21622388724\">t\u00e9l\u00e9phone<\/a>.<\/p>                        <\/div>\n\n                    <\/div>\n\n                <\/div><!-- .elementskit-card END -->\n\n                \n                <div class=\"elementskit-card \">\n                    <div class=\"elementskit-card-header\" id=\"primaryHeading-1-8d9c187\">\n                        <a href=\"#collapse-fe64fb469dd824e9787b\" class=\"ekit-accordion--toggler elementskit-btn-link collapsed\" data-ekit-toggle=\"collapse\" data-target=\"#Collapse-fe64fb469dd824e9787b\" aria-expanded=\"false\" aria-controls=\"Collapse-fe64fb469dd824e9787b\">\n                            \n                                <span class=\"number\"><\/span>\n\n                            \n                            <span class=\"ekit-accordion-title\">Les produits sont-ils lav\u00e9s et d\u00e9sinfect\u00e9s entre chaque location ?<\/span>\n\n                            \n                                <div class=\"ekit_accordion_icon_group\">\n                                    <div class=\"ekit_accordion_normal_icon\">\n                                        <!-- Normal Icon -->\n\t\t\t\t\t\t\t\t\t\t<i class=\"icon icon-down-arrow1\"><\/i>                                    <\/div>\n\n                                    <div class=\"ekit_accordion_active_icon\">\n                                        <!-- Active Icon -->\n\t\t\t\t\t\t\t\t\t\t<i class=\"icon icon-up-arrow\"><\/i>                                    <\/div>\n                                <\/div>\n\n                            \n                                                    <\/a>\n                    <\/div>\n\n                    <div id=\"Collapse-fe64fb469dd824e9787b\" class=\" collapse\" aria-labelledby=\"primaryHeading-1-8d9c187\" data-parent=\"#accordion-69dd824e9787b\">\n\n                        <div class=\"elementskit-card-body ekit-accordion--content\">\n                            <p>Tous les produits sont syst\u00e9matiquement lav\u00e9s, d\u00e9sinfect\u00e9s et remis en \u00e9tat apr\u00e8s chaque location, selon des \u00e9tapes pr\u00e9cises et norm\u00e9es.<\/p><p>Pour toute question concernant la location de mat\u00e9riel de camping, l'\u00e9quipe de Campy Yallaa location reste \u00e0 votre disposition par mail, contact@campy-yallaa.tn, chat ou <a href=\"tel:+21622388724\">t\u00e9l\u00e9phone<\/a>.<\/p>                        <\/div>\n\n                    <\/div>\n\n                <\/div><!-- .elementskit-card END -->\n\n                \n                <div class=\"elementskit-card \">\n                    <div class=\"elementskit-card-header\" id=\"primaryHeading-2-8d9c187\">\n                        <a href=\"#collapse-eb5313c69dd824e9787b\" class=\"ekit-accordion--toggler elementskit-btn-link collapsed\" data-ekit-toggle=\"collapse\" data-target=\"#Collapse-eb5313c69dd824e9787b\" aria-expanded=\"false\" aria-controls=\"Collapse-eb5313c69dd824e9787b\">\n                            \n                                <span class=\"number\"><\/span>\n\n                            \n                            <span class=\"ekit-accordion-title\">Pourquoi la location chez Campy Yallaa?<\/span>\n\n                            \n                                <div class=\"ekit_accordion_icon_group\">\n                                    <div class=\"ekit_accordion_normal_icon\">\n                                        <!-- Normal Icon -->\n\t\t\t\t\t\t\t\t\t\t<i class=\"icon icon-down-arrow1\"><\/i>                                    <\/div>\n\n                                    <div class=\"ekit_accordion_active_icon\">\n                                        <!-- Active Icon -->\n\t\t\t\t\t\t\t\t\t\t<i class=\"icon icon-up-arrow\"><\/i>                                    <\/div>\n                                <\/div>\n\n                            \n                                                    <\/a>\n                    <\/div>\n\n                    <div id=\"Collapse-eb5313c69dd824e9787b\" class=\" collapse\" aria-labelledby=\"primaryHeading-2-8d9c187\" data-parent=\"#accordion-69dd824e9787b\">\n\n                        <div class=\"elementskit-card-body ekit-accordion--content\">\n                            <p>En tant que sportifs, la pr\u00e9servation de notre environnement est au premier plan de nos pr\u00e9occupations. C\u2019est pourquoi Decathlon s\u2019engage dans une d\u00e9marche d\u2019\u00e9conomie durable, pas seulement au travers de l\u2019\u00e9co-conception (r\u00e9duction de l\u2019impact de chaque produit), mais aussi au niveau de son business model.<\/p><p>En encourageant nos clients \u00e0 louer une tente plut\u00f4t que de la poss\u00e9der, nous favorisons la mutualisation des produits, leur r\u00e9paration, et la r\u00e9duction de la consommation de mati\u00e8re et d\u2019\u00e9nergie. Cela vaut surtout pour des produits utilis\u00e9s tr\u00e8s occasionnellement (une tente est utilis\u00e9e en moyenne 5 \u00e0 10 jours par an).<\/p><p>Par ailleurs, cela apporte d\u2019autres avantages : gain de stockage chez vous, test de mat\u00e9riel avant un achat \u00e9ventuel si vous persistez dans la discipline, possibilit\u00e9 de vous faire livrer sur votre lieu de s\u00e9jour.<\/p><p>Pour toute question concernant la location de mat\u00e9riel de camping, l'\u00e9quipe de Campy Yallaa location reste \u00e0 votre disposition par mail, <a href=\"mailto:contact@campy-yallaa.tn\">contact@campy-yallaa.tn<\/a>, chat ou <a href=\"tel:+21622388724\">t\u00e9l\u00e9phone<\/a>.<\/p>                        <\/div>\n\n                    <\/div>\n\n                <\/div><!-- .elementskit-card END -->\n\n                \n                <div class=\"elementskit-card \">\n                    <div class=\"elementskit-card-header\" id=\"primaryHeading-3-8d9c187\">\n                        <a href=\"#collapse-60a254c69dd824e9787b\" class=\"ekit-accordion--toggler elementskit-btn-link collapsed\" data-ekit-toggle=\"collapse\" data-target=\"#Collapse-60a254c69dd824e9787b\" aria-expanded=\"false\" aria-controls=\"Collapse-60a254c69dd824e9787b\">\n                            \n                                <span class=\"number\"><\/span>\n\n                            \n                            <span class=\"ekit-accordion-title\">O\u00f9 ce service est disponible ?<\/span>\n\n                            \n                                <div class=\"ekit_accordion_icon_group\">\n                                    <div class=\"ekit_accordion_normal_icon\">\n                                        <!-- Normal Icon -->\n\t\t\t\t\t\t\t\t\t\t<i class=\"icon icon-down-arrow1\"><\/i>                                    <\/div>\n\n                                    <div class=\"ekit_accordion_active_icon\">\n                                        <!-- Active Icon -->\n\t\t\t\t\t\t\t\t\t\t<i class=\"icon icon-up-arrow\"><\/i>                                    <\/div>\n                                <\/div>\n\n                            \n                                                    <\/a>\n                    <\/div>\n\n                    <div id=\"Collapse-60a254c69dd824e9787b\" class=\" collapse\" aria-labelledby=\"primaryHeading-3-8d9c187\" data-parent=\"#accordion-69dd824e9787b\">\n\n                        <div class=\"elementskit-card-body ekit-accordion--content\">\n                            <p>Ce service est disponible \u00e0 Sousse, Tunisie pour cette ann\u00e9e 2022<\/p><p>Nous r\u00e9fl\u00e9chissons actuellement \u00e0 une extension de l'offre \u00e0 d'autres points de livraison et d'autres villes pour les ann\u00e9es \u00e0 venir.<\/p><p>Pour toute question concernant la location de mat\u00e9riel de camping, l'\u00e9quipe de Campy Yallaa, la location reste \u00e0 votre disposition par mail, <a href=\"mailto:contact@campy-yallaa.tn\">contact@campy-yallaa.tn<\/a>, chat ou <a href=\"tel:+21622388724\">t\u00e9l\u00e9phone<\/a>.<\/p>                        <\/div>\n\n                    <\/div>\n\n                <\/div><!-- .elementskit-card END -->\n\n                \n                <div class=\"elementskit-card \">\n                    <div class=\"elementskit-card-header\" id=\"primaryHeading-4-8d9c187\">\n                        <a href=\"#collapse-7d410a769dd824e9787b\" class=\"ekit-accordion--toggler elementskit-btn-link collapsed\" data-ekit-toggle=\"collapse\" data-target=\"#Collapse-7d410a769dd824e9787b\" aria-expanded=\"false\" aria-controls=\"Collapse-7d410a769dd824e9787b\">\n                            \n                                <span class=\"number\"><\/span>\n\n                            \n                            <span class=\"ekit-accordion-title\">Depuis quand cela existe ?<\/span>\n\n                            \n                                <div class=\"ekit_accordion_icon_group\">\n                                    <div class=\"ekit_accordion_normal_icon\">\n                                        <!-- Normal Icon -->\n\t\t\t\t\t\t\t\t\t\t<i class=\"icon icon-down-arrow1\"><\/i>                                    <\/div>\n\n                                    <div class=\"ekit_accordion_active_icon\">\n                                        <!-- Active Icon -->\n\t\t\t\t\t\t\t\t\t\t<i class=\"icon icon-up-arrow\"><\/i>                                    <\/div>\n                                <\/div>\n\n                            \n                                                    <\/a>\n                    <\/div>\n\n                    <div id=\"Collapse-7d410a769dd824e9787b\" class=\" collapse\" aria-labelledby=\"primaryHeading-4-8d9c187\" data-parent=\"#accordion-69dd824e9787b\">\n\n                        <div class=\"elementskit-card-body ekit-accordion--content\">\n                            <p>Depuis ao\u00fbt 2022, Campy Yallaa explore la location en menant diff\u00e9rents \u00e9quipements de camping.<\/p><p>Le service est donc en test r\u00e9gional pour la saison 2022, mais avec de nombreuses am\u00e9liorations d\u00e9j\u00e0 r\u00e9alis\u00e9es. Notre \u00e9quipe est d\u00e9di\u00e9e \u00e0 l'am\u00e9lioration quotidienne de ce service, alors, si vous avez des remarques ou critiques, nous sommes \u00e0 l'\u00e9coute !<\/p><p>Nous avons besoin de vous et sommes tr\u00e8s friands de vos retours, positifs ou n\u00e9gatifs, pour continuer l'\u00e9volution tous ensemble de ce service li\u00e9 \u00e0 vos besoin : l\u00e2chez-vous et dites-nous tout ! \ud83d\ude0a<\/p><p>Pour toute question concernant la location de mat\u00e9riel de camping, l'\u00e9quipe de Campy Yallaa location reste \u00e0 votre disposition par mail, <a href=\"mailto:contact@campy-yallaa.tn\">contact@campy-yallaa.tn<\/a>, chat ou <a href=\"tel:+21622388724\">t\u00e9l\u00e9phone<\/a>.<\/p>                        <\/div>\n\n                    <\/div>\n\n                <\/div><!-- .elementskit-card END -->\n\n                \n                <div class=\"elementskit-card \">\n                    <div class=\"elementskit-card-header\" id=\"primaryHeading-5-8d9c187\">\n                        <a href=\"#collapse-0216b3869dd824e9787b\" class=\"ekit-accordion--toggler elementskit-btn-link collapsed\" data-ekit-toggle=\"collapse\" data-target=\"#Collapse-0216b3869dd824e9787b\" aria-expanded=\"false\" aria-controls=\"Collapse-0216b3869dd824e9787b\">\n                            \n                                <span class=\"number\"><\/span>\n\n                            \n                            <span class=\"ekit-accordion-title\">Quels sont les magasins partenaires<\/span>\n\n                            \n                                <div class=\"ekit_accordion_icon_group\">\n                                    <div class=\"ekit_accordion_normal_icon\">\n                                        <!-- Normal Icon -->\n\t\t\t\t\t\t\t\t\t\t<i class=\"icon icon-down-arrow1\"><\/i>                                    <\/div>\n\n                                    <div class=\"ekit_accordion_active_icon\">\n                                        <!-- Active Icon -->\n\t\t\t\t\t\t\t\t\t\t<i class=\"icon icon-up-arrow\"><\/i>                                    <\/div>\n                                <\/div>\n\n                            \n                                                    <\/a>\n                    <\/div>\n\n                    <div id=\"Collapse-0216b3869dd824e9787b\" class=\" collapse\" aria-labelledby=\"primaryHeading-5-8d9c187\" data-parent=\"#accordion-69dd824e9787b\">\n\n                        <div class=\"elementskit-card-body ekit-accordion--content\">\n                            <p>Le service location de Campy Yallaa est un service annexe \u00e0 l'activit\u00e9 des magasins <a href=\"https:\/\/www.decathlon.tn\/\" rel=\"nofollow noopener\" target=\"_blank\">Decathlon<\/a> pour le moment.<\/p>                        <\/div>\n\n                    <\/div>\n\n                <\/div><!-- .elementskit-card END -->\n\n                                                        <script type=\"application\/ld+json\">{\"@context\":\"https:\/\/schema.org\",\"@type\":\"FAQPage\",\"mainEntity\":[{\"@type\":\"Question\",\"name\":\"Quelle est la date limite pour r\u00e9server ? \",\"acceptedAnswer\":{\"@type\":\"Answer\",\"text\":\"<p>Concernant les conditions de location, il faut r\u00e9server au minimum 72h \u00e0 l'avance pour que nous puissions organiser les transits entre notre entrep\u00f4t de location et les magasins ou points relais. Passez cette date, nous ne pouvons proc\u00e9der \u00e0 une location.<\/p><p>Pour toute question concernant la location de mat\u00e9riel de camping, l'\u00e9quipe de Campy Yallaa location reste \u00e0 votre disposition par mail, <a href=\\\"mailto:contact@campy-yallaa.tn\\\">contact@campy-yallaa.tn<\/a>, chat ou <a href=\\\"tel:+21622388724\\\">t\u00e9l\u00e9phone<\/a>.<\/p>\"}},{\"@type\":\"Question\",\"name\":\"Les produits sont-ils lav\u00e9s et d\u00e9sinfect\u00e9s entre chaque location ?\",\"acceptedAnswer\":{\"@type\":\"Answer\",\"text\":\"<p>Tous les produits sont syst\u00e9matiquement lav\u00e9s, d\u00e9sinfect\u00e9s et remis en \u00e9tat apr\u00e8s chaque location, selon des \u00e9tapes pr\u00e9cises et norm\u00e9es.<\/p><p>Pour toute question concernant la location de mat\u00e9riel de camping, l'\u00e9quipe de Campy Yallaa location reste \u00e0 votre disposition par mail, contact@campy-yallaa.tn, chat ou <a href=\\\"tel:+21622388724\\\">t\u00e9l\u00e9phone<\/a>.<\/p>\"}},{\"@type\":\"Question\",\"name\":\"Pourquoi la location chez Campy Yallaa?\",\"acceptedAnswer\":{\"@type\":\"Answer\",\"text\":\"<p>En tant que sportifs, la pr\u00e9servation de notre environnement est au premier plan de nos pr\u00e9occupations. C\u2019est pourquoi Decathlon s\u2019engage dans une d\u00e9marche d\u2019\u00e9conomie durable, pas seulement au travers de l\u2019\u00e9co-conception (r\u00e9duction de l\u2019impact de chaque produit), mais aussi au niveau de son business model.<\/p><p>En encourageant nos clients \u00e0 louer une tente plut\u00f4t que de la poss\u00e9der, nous favorisons la mutualisation des produits, leur r\u00e9paration, et la r\u00e9duction de la consommation de mati\u00e8re et d\u2019\u00e9nergie. Cela vaut surtout pour des produits utilis\u00e9s tr\u00e8s occasionnellement (une tente est utilis\u00e9e en moyenne 5 \u00e0 10 jours par an).<\/p><p>Par ailleurs, cela apporte d\u2019autres avantages : gain de stockage chez vous, test de mat\u00e9riel avant un achat \u00e9ventuel si vous persistez dans la discipline, possibilit\u00e9 de vous faire livrer sur votre lieu de s\u00e9jour.<\/p><p>Pour toute question concernant la location de mat\u00e9riel de camping, l'\u00e9quipe de Campy Yallaa location reste \u00e0 votre disposition par mail, <a href=\\\"mailto:contact@campy-yallaa.tn\\\">contact@campy-yallaa.tn<\/a>, chat ou <a href=\\\"tel:+21622388724\\\">t\u00e9l\u00e9phone<\/a>.<\/p>\"}},{\"@type\":\"Question\",\"name\":\"O\u00f9 ce service est disponible ?\",\"acceptedAnswer\":{\"@type\":\"Answer\",\"text\":\"<p>Ce service est disponible \u00e0 Sousse, Tunisie pour cette ann\u00e9e 2022<\/p><p>Nous r\u00e9fl\u00e9chissons actuellement \u00e0 une extension de l'offre \u00e0 d'autres points de livraison et d'autres villes pour les ann\u00e9es \u00e0 venir.<\/p><p>Pour toute question concernant la location de mat\u00e9riel de camping, l'\u00e9quipe de Campy Yallaa, la location reste \u00e0 votre disposition par mail, <a href=\\\"mailto:contact@campy-yallaa.tn\\\">contact@campy-yallaa.tn<\/a>, chat ou <a href=\\\"tel:+21622388724\\\">t\u00e9l\u00e9phone<\/a>.<\/p>\"}},{\"@type\":\"Question\",\"name\":\"Depuis quand cela existe ?\",\"acceptedAnswer\":{\"@type\":\"Answer\",\"text\":\"<p>Depuis ao\u00fbt 2022, Campy Yallaa explore la location en menant diff\u00e9rents \u00e9quipements de camping.<\/p><p>Le service est donc en test r\u00e9gional pour la saison 2022, mais avec de nombreuses am\u00e9liorations d\u00e9j\u00e0 r\u00e9alis\u00e9es. Notre \u00e9quipe est d\u00e9di\u00e9e \u00e0 l'am\u00e9lioration quotidienne de ce service, alors, si vous avez des remarques ou critiques, nous sommes \u00e0 l'\u00e9coute !<\/p><p>Nous avons besoin de vous et sommes tr\u00e8s friands de vos retours, positifs ou n\u00e9gatifs, pour continuer l'\u00e9volution tous ensemble de ce service li\u00e9 \u00e0 vos besoin : l\u00e2chez-vous et dites-nous tout ! \ud83d\ude0a<\/p><p>Pour toute question concernant la location de mat\u00e9riel de camping, l'\u00e9quipe de Campy Yallaa location reste \u00e0 votre disposition par mail, <a href=\\\"mailto:contact@campy-yallaa.tn\\\">contact@campy-yallaa.tn<\/a>, chat ou <a href=\\\"tel:+21622388724\\\">t\u00e9l\u00e9phone<\/a>.<\/p>\"}},{\"@type\":\"Question\",\"name\":\"Quels sont les magasins partenaires\",\"acceptedAnswer\":{\"@type\":\"Answer\",\"text\":\"<p>Le service location de Campy Yallaa est un service annexe \u00e0 l'activit\u00e9 des magasins <a href=\\\"https:\/\/www.decathlon.tn\/\\\">Decathlon<\/a> pour le moment.<\/p>\"}}]}<\/script>\n                                <\/div>\n    <\/div>\t\t\t\t<\/div>\n\t\t\t\t\t<\/div>\n\t\t<\/div>\n\t\t\t\t\t<\/div>\n\t\t<\/section>\n\t\t\t\t\t<\/div>\n\t\t<\/div>\n\t\t\t\t\t<\/div>\n\t\t<\/section>\n\t\t\t\t<\/div>\n\t\t","protected":false},"excerpt":{"rendered":"<p>QUESTIONS FR\u00c9QUEMMENT POS\u00c9ES Quelle est la date limite pour r\u00e9server ? Concernant les conditions de location, il faut r\u00e9server au minimum 72h \u00e0 l&rsquo;avance pour que nous puissions organiser les transits entre notre entrep\u00f4t de location et les magasins ou points relais. Passez cette date, nous ne pouvons proc\u00e9der \u00e0 une location. Pour toute question &#8230;<\/p>","protected":false},"author":1,"featured_media":0,"parent":0,"menu_order":0,"comment_status":"closed","ping_status":"closed","template":"elementor_header_footer","meta":{"inline_featured_image":false,"_analytify_skip_tracking":false,"footnotes":""},"class_list":["post-43897","page","type-page","status-publish","hentry"],"_links":{"self":[{"href":"https:\/\/campy-yallaa.tn\/en\/wp-json\/wp\/v2\/pages\/43897","targetHints":{"allow":["GET"]}}],"collection":[{"href":"https:\/\/campy-yallaa.tn\/en\/wp-json\/wp\/v2\/pages"}],"about":[{"href":"https:\/\/campy-yallaa.tn\/en\/wp-json\/wp\/v2\/types\/page"}],"author":[{"embeddable":true,"href":"https:\/\/campy-yallaa.tn\/en\/wp-json\/wp\/v2\/users\/1"}],"replies":[{"embeddable":true,"href":"https:\/\/campy-yallaa.tn\/en\/wp-json\/wp\/v2\/comments?post=43897"}],"version-history":[{"count":5,"href":"https:\/\/campy-yallaa.tn\/en\/wp-json\/wp\/v2\/pages\/43897\/revisions"}],"predecessor-version":[{"id":43905,"href":"https:\/\/campy-yallaa.tn\/en\/wp-json\/wp\/v2\/pages\/43897\/revisions\/43905"}],"wp:attachment":[{"href":"https:\/\/campy-yallaa.tn\/en\/wp-json\/wp\/v2\/media?parent=43897"}],"curies":[{"name":"wp","href":"https:\/\/api.w.org\/{rel}","templated":true}]}}