{"id":42168,"date":"2023-02-20T01:15:06","date_gmt":"2023-02-20T00:15:06","guid":{"rendered":"https:\/\/campy-yallaa.tn\/evenements\/"},"modified":"2023-02-20T02:18:46","modified_gmt":"2023-02-20T01:18:46","slug":"evenements","status":"publish","type":"page","link":"https:\/\/campy-yallaa.tn\/en\/evenements\/","title":{"rendered":"\u00c9v\u00e8nements"},"content":{"rendered":"<div data-elementor-type=\"wp-page\" data-elementor-id=\"42168\" class=\"elementor elementor-42168\" data-elementor-post-type=\"page\">\n\t\t\t\t\t\t<section class=\"elementor-section elementor-top-section elementor-element elementor-element-b462492 elementor-section-height-min-height elementor-section-content-middle elementor-section-boxed elementor-section-height-default elementor-section-items-middle\" data-id=\"b462492\" data-element_type=\"section\" data-e-type=\"section\" data-settings=\"{&quot;background_background&quot;:&quot;classic&quot;,&quot;shape_divider_bottom&quot;:&quot;curve&quot;,&quot;shape_divider_bottom_negative&quot;:&quot;yes&quot;}\">\n\t\t\t\t\t\t\t<div class=\"elementor-background-overlay\"><\/div>\n\t\t\t\t\t\t<div class=\"elementor-shape elementor-shape-bottom\" aria-hidden=\"true\" data-negative=\"true\">\n\t\t\t<svg xmlns=\"http:\/\/www.w3.org\/2000\/svg\" viewbox=\"0 0 1000 100\" preserveaspectratio=\"none\">\n\t<path class=\"elementor-shape-fill\" d=\"M500,97C126.7,96.3,0.8,19.8,0,0v100l1000,0V1C1000,19.4,873.3,97.8,500,97z\"\/>\n<\/svg>\t\t<\/div>\n\t\t\t\t\t<div class=\"elementor-container elementor-column-gap-default\">\n\t\t\t\t\t<div class=\"elementor-column elementor-col-100 elementor-top-column elementor-element elementor-element-ac00faa\" data-id=\"ac00faa\" data-element_type=\"column\" data-e-type=\"column\">\n\t\t\t<div class=\"elementor-widget-wrap elementor-element-populated\">\n\t\t\t\t\t\t<div class=\"elementor-element elementor-element-b23eeb5 elementor-widget elementor-widget-elementskit-heading\" data-id=\"b23eeb5\" data-element_type=\"widget\" data-e-type=\"widget\" data-widget_type=\"elementskit-heading.default\">\n\t\t\t\t\t<div class=\"ekit-wid-con\" ><div class=\"ekit-heading elementskit-section-title-wraper text_center   ekit_heading_tablet-text_center   ekit_heading_mobile-\"><h2 class=\"ekit-heading--title elementskit-section-title\">Campy Yallaa-<span><span>Events<\/span><\/span> <\/h2><\/div><\/div>\t\t\t\t<\/div>\n\t\t\t\t\t<\/div>\n\t\t<\/div>\n\t\t\t\t\t<\/div>\n\t\t<\/section>\n\t\t\t\t<section class=\"elementor-section elementor-top-section elementor-element elementor-element-a83bade elementor-section-boxed elementor-section-height-default elementor-section-height-default\" data-id=\"a83bade\" data-element_type=\"section\" data-e-type=\"section\">\n\t\t\t\t\t\t<div class=\"elementor-container elementor-column-gap-default\">\n\t\t\t\t\t<div class=\"elementor-column elementor-col-100 elementor-top-column elementor-element elementor-element-386a922\" data-id=\"386a922\" data-element_type=\"column\" data-e-type=\"column\">\n\t\t\t<div class=\"elementor-widget-wrap\">\n\t\t\t\t\t\t\t<\/div>\n\t\t<\/div>\n\t\t\t\t\t<\/div>\n\t\t<\/section>\n\t\t\t\t<\/div>","protected":false},"excerpt":{"rendered":"<p>Campy Yallaa-Ev\u00e8nements Mots cl\u00e9s Lieu N\u2019importe quelles dates Cat\u00e9gorie Choisissez une cat\u00e9gorieCampingRandonn\u00e9e Type d\u2019\u00e9v\u00e8nement Choisissez un type d\u2019\u00e9v\u00e8nementCamp, Trip, or Retreat Votre navigateur ne supporte pas JavaScript, ou il est d\u00e9sactiv\u00e9. JavaScript doit \u00eatre activ\u00e9 pour voir les annonces. \u00c9v\u00e8nements<\/p>","protected":false},"author":1,"featured_media":0,"parent":0,"menu_order":0,"comment_status":"closed","ping_status":"closed","template":"elementor_header_footer","meta":{"inline_featured_image":false,"_analytify_skip_tracking":false,"footnotes":""},"class_list":["post-42168","page","type-page","status-publish","hentry"],"_links":{"self":[{"href":"https:\/\/campy-yallaa.tn\/en\/wp-json\/wp\/v2\/pages\/42168","targetHints":{"allow":["GET"]}}],"collection":[{"href":"https:\/\/campy-yallaa.tn\/en\/wp-json\/wp\/v2\/pages"}],"about":[{"href":"https:\/\/campy-yallaa.tn\/en\/wp-json\/wp\/v2\/types\/page"}],"author":[{"embeddable":true,"href":"https:\/\/campy-yallaa.tn\/en\/wp-json\/wp\/v2\/users\/1"}],"replies":[{"embeddable":true,"href":"https:\/\/campy-yallaa.tn\/en\/wp-json\/wp\/v2\/comments?post=42168"}],"version-history":[{"count":0,"href":"https:\/\/campy-yallaa.tn\/en\/wp-json\/wp\/v2\/pages\/42168\/revisions"}],"wp:attachment":[{"href":"https:\/\/campy-yallaa.tn\/en\/wp-json\/wp\/v2\/media?parent=42168"}],"curies":[{"name":"wp","href":"https:\/\/api.w.org\/{rel}","templated":true}]}}